{"id":377528,"date":"2024-12-10T20:37:56","date_gmt":"2024-12-10T19:37:56","guid":{"rendered":"https:\/\/glandine.com\/product\/trussardi-multicolor-seidenschal-fuer-frauen\/"},"modified":"2024-12-10T20:37:56","modified_gmt":"2024-12-10T19:37:56","slug":"trussardi-multicolor-seidenschal-fuer-frauen","status":"publish","type":"product","link":"https:\/\/tpmadalina42.supserv.cozmoslabs.com\/fi\/tuote-2\/trussardi-multicolor-seidenschal-fuer-frauen\/","title":{"rendered":"Trussardi moniv\u00e4rinen silkkihuivi naisille"},"content":{"rendered":"<p>G\u00f6nnen Sie sich italienische Eleganz mit diesem leuchtenden Seidenschal von Trussardi, der mit seinem Kaleidoskop an Farbt\u00f6nen Raffinesse ausstrahlt. In perfekter Gr\u00f6\u00dfe dient er als pl\u00fcschiges Accessoire, das jedes Ensemble bereichert und Ihren Look m\u00fchelos mit einem Hauch des kultigen Trussardi-Charmes verwandelt. H\u00fcllen Sie sich in den Luxus von reiner Seide und lassen Sie sich von dem pr\u00e4chtigen Gef\u00fchl verzaubern.<\/p>\n<p>Materiaali: 100% silkki<br \/>\nAlkuper\u00e4maa: IT<br \/>\nV\u00e4ri: Moniv\u00e4rinen<\/p>","protected":false},"excerpt":{"rendered":"<p>G\u00f6nnen Sie sich italienische Eleganz mit diesem leuchtenden Seidenschal von Trussardi, der mit seinem Kaleidoskop an Farbt\u00f6nen Raffinesse ausstrahlt. In perfekter Gr\u00f6\u00dfe dient er als pl\u00fcschiges Accessoire, das jedes Ensemble bereichert und Ihren Look m\u00fchelos mit einem Hauch des kultigen Trussardi-Charmes verwandelt. H\u00fcllen Sie sich in den Luxus von reiner Seide und lassen Sie sich [&hellip;]<\/p>","protected":false},"featured_media":377526,"template":"","meta":[],"product_brand":[2072],"product_cat":[1621,1632,1694],"product_tag":[],"class_list":{"0":"post-377528","1":"product","2":"type-product","3":"status-publish","4":"has-post-thumbnail","6":"product_brand-trussardi","7":"product_cat-accessoire","8":"product_cat-frauen-zubehoer","9":"product_cat-schals-frauen-zubehoer","11":"first","12":"instock","13":"sale","14":"taxable","15":"shipping-taxable","16":"purchasable","17":"product-type-simple"},"_links":{"self":[{"href":"https:\/\/tpmadalina42.supserv.cozmoslabs.com\/fi\/wp-json\/wp\/v2\/product\/377528","targetHints":{"allow":["GET"]}}],"collection":[{"href":"https:\/\/tpmadalina42.supserv.cozmoslabs.com\/fi\/wp-json\/wp\/v2\/product"}],"about":[{"href":"https:\/\/tpmadalina42.supserv.cozmoslabs.com\/fi\/wp-json\/wp\/v2\/types\/product"}],"wp:featuredmedia":[{"embeddable":true,"href":"https:\/\/tpmadalina42.supserv.cozmoslabs.com\/fi\/wp-json\/wp\/v2\/media\/377526"}],"wp:attachment":[{"href":"https:\/\/tpmadalina42.supserv.cozmoslabs.com\/fi\/wp-json\/wp\/v2\/media?parent=377528"}],"wp:term":[{"taxonomy":"product_brand","embeddable":true,"href":"https:\/\/tpmadalina42.supserv.cozmoslabs.com\/fi\/wp-json\/wp\/v2\/product_brand?post=377528"},{"taxonomy":"product_cat","embeddable":true,"href":"https:\/\/tpmadalina42.supserv.cozmoslabs.com\/fi\/wp-json\/wp\/v2\/product_cat?post=377528"},{"taxonomy":"product_tag","embeddable":true,"href":"https:\/\/tpmadalina42.supserv.cozmoslabs.com\/fi\/wp-json\/wp\/v2\/product_tag?post=377528"}],"curies":[{"name":"wp","href":"https:\/\/api.w.org\/{rel}","templated":true}]}}