{"id":377537,"date":"2024-12-10T20:38:43","date_gmt":"2024-12-10T19:38:43","guid":{"rendered":"https:\/\/glandine.com\/product\/trussardi-gruener-modal-schal-fuer-maenner\/"},"modified":"2024-12-10T20:38:43","modified_gmt":"2024-12-10T19:38:43","slug":"trussardi-gruener-modal-schal-fuer-maenner","status":"publish","type":"product","link":"https:\/\/tpmadalina42.supserv.cozmoslabs.com\/fi\/tuote-2\/trussardi-gruener-modal-schal-fuer-maenner\/","title":{"rendered":"Trussardi Gr\u00fcner Modal-Schal f\u00fcr M\u00e4nner"},"content":{"rendered":"<p>Dieser luxuri\u00f6se Schal von Trussardi ist der Inbegriff von schicker Eleganz. Ein Wandteppich aus leuchtenden Gr\u00fcnt\u00f6nen wird in einer pr\u00e4chtigen Mischung lebendig, die Ihre Haut zart umschmeichelt. Die hochwertige Zusammensetzung aus Modal, Flachs und Seide verleiht jedem Outfit einen Hauch von Opulenz und sorgt daf\u00fcr, dass Sie mit Raffinesse auffallen. Dieses Trussardi-Teil ist ideal, um Ihrem Ensemble einen Hauch von Farbe und italienischem Flair zu verleihen. Es ist ein Statement-Accessoire f\u00fcr modebewusste Menschen.<\/p>\n<p>Material: 50% Modal, 42% Flachs, Leinen, 8% Seide<br \/>\nAlkuper\u00e4maa: IT<br \/>\nV\u00e4ri: Vihre\u00e4<br \/>\nAbmessungen: 180cm x 68cm<\/p>","protected":false},"excerpt":{"rendered":"<p>Dieser luxuri\u00f6se Schal von Trussardi ist der Inbegriff von schicker Eleganz. Ein Wandteppich aus leuchtenden Gr\u00fcnt\u00f6nen wird in einer pr\u00e4chtigen Mischung lebendig, die Ihre Haut zart umschmeichelt. Die hochwertige Zusammensetzung aus Modal, Flachs und Seide verleiht jedem Outfit einen Hauch von Opulenz und sorgt daf\u00fcr, dass Sie mit Raffinesse auffallen. Dieses Trussardi-Teil ist ideal, um [&hellip;]<\/p>","protected":false},"featured_media":377534,"template":"","meta":[],"product_brand":[2072],"product_cat":[1621,1631,1693],"product_tag":[],"class_list":{"0":"post-377537","1":"product","2":"type-product","3":"status-publish","4":"has-post-thumbnail","6":"product_brand-trussardi","7":"product_cat-accessoire","8":"product_cat-maenner-zubehoer","9":"product_cat-schals","11":"first","12":"instock","13":"sale","14":"taxable","15":"shipping-taxable","16":"purchasable","17":"product-type-simple"},"_links":{"self":[{"href":"https:\/\/tpmadalina42.supserv.cozmoslabs.com\/fi\/wp-json\/wp\/v2\/product\/377537","targetHints":{"allow":["GET"]}}],"collection":[{"href":"https:\/\/tpmadalina42.supserv.cozmoslabs.com\/fi\/wp-json\/wp\/v2\/product"}],"about":[{"href":"https:\/\/tpmadalina42.supserv.cozmoslabs.com\/fi\/wp-json\/wp\/v2\/types\/product"}],"wp:featuredmedia":[{"embeddable":true,"href":"https:\/\/tpmadalina42.supserv.cozmoslabs.com\/fi\/wp-json\/wp\/v2\/media\/377534"}],"wp:attachment":[{"href":"https:\/\/tpmadalina42.supserv.cozmoslabs.com\/fi\/wp-json\/wp\/v2\/media?parent=377537"}],"wp:term":[{"taxonomy":"product_brand","embeddable":true,"href":"https:\/\/tpmadalina42.supserv.cozmoslabs.com\/fi\/wp-json\/wp\/v2\/product_brand?post=377537"},{"taxonomy":"product_cat","embeddable":true,"href":"https:\/\/tpmadalina42.supserv.cozmoslabs.com\/fi\/wp-json\/wp\/v2\/product_cat?post=377537"},{"taxonomy":"product_tag","embeddable":true,"href":"https:\/\/tpmadalina42.supserv.cozmoslabs.com\/fi\/wp-json\/wp\/v2\/product_tag?post=377537"}],"curies":[{"name":"wp","href":"https:\/\/api.w.org\/{rel}","templated":true}]}}