{"id":377551,"date":"2024-12-10T20:39:37","date_gmt":"2024-12-10T19:39:37","guid":{"rendered":"https:\/\/glandine.com\/product\/trussardi-braunes-leder-portemonnaie-fuer-maenner-4\/"},"modified":"2024-12-10T20:39:37","modified_gmt":"2024-12-10T19:39:37","slug":"trussardi-braunes-leder-portemonnaie-fuer-maenner-4","status":"publish","type":"product","link":"https:\/\/tpmadalina42.supserv.cozmoslabs.com\/fi\/tuote-2\/trussardi-braunes-leder-portemonnaie-fuer-maenner-4\/","title":{"rendered":"Miesten Trussardi Ruskea nahkalompakko"},"content":{"rendered":"<p>Erh\u00f6hen Sie Ihren Stil mit dieser eleganten Lederb\u00f6rse von Trussardi, einem unverzichtbaren Accessoire f\u00fcr den anspruchsvollen Gentleman. Dieses in Italien gefertigte Portemonnaie vereint Funktionalit\u00e4t und Luxus in einem kompakten Design. Das Portemonnaie mit dem kultigen Trussardi-Logo auf der Vorderseite hat die perfekten Ma\u00dfe von 20*10*2 cm und passt m\u00fchelos in Ihre Tasche. Der satte Braunton verleiht Ihrem Alltagsoutfit einen klassischen Touch.<\/p>\n<p>Materiaali: 100% nahka<br \/>\nAlkuper\u00e4maa: IT<br \/>\nV\u00e4ri: Ruskea<\/p>","protected":false},"excerpt":{"rendered":"<p>Erh\u00f6hen Sie Ihren Stil mit dieser eleganten Lederb\u00f6rse von Trussardi, einem unverzichtbaren Accessoire f\u00fcr den anspruchsvollen Gentleman. Dieses in Italien gefertigte Portemonnaie vereint Funktionalit\u00e4t und Luxus in einem kompakten Design. Das Portemonnaie mit dem kultigen Trussardi-Logo auf der Vorderseite hat die perfekten Ma\u00dfe von 20*10*2 cm und passt m\u00fchelos in Ihre Tasche. Der satte Braunton [&hellip;]<\/p>","protected":false},"featured_media":377548,"template":"","meta":[],"product_brand":[2072],"product_cat":[1721,1629],"product_tag":[],"class_list":{"0":"post-377551","1":"product","2":"type-product","3":"status-publish","4":"has-post-thumbnail","6":"product_brand-trussardi","7":"product_cat-geldboersen","8":"product_cat-maenner","10":"first","11":"instock","12":"sale","13":"taxable","14":"shipping-taxable","15":"purchasable","16":"product-type-simple"},"_links":{"self":[{"href":"https:\/\/tpmadalina42.supserv.cozmoslabs.com\/fi\/wp-json\/wp\/v2\/product\/377551","targetHints":{"allow":["GET"]}}],"collection":[{"href":"https:\/\/tpmadalina42.supserv.cozmoslabs.com\/fi\/wp-json\/wp\/v2\/product"}],"about":[{"href":"https:\/\/tpmadalina42.supserv.cozmoslabs.com\/fi\/wp-json\/wp\/v2\/types\/product"}],"wp:featuredmedia":[{"embeddable":true,"href":"https:\/\/tpmadalina42.supserv.cozmoslabs.com\/fi\/wp-json\/wp\/v2\/media\/377548"}],"wp:attachment":[{"href":"https:\/\/tpmadalina42.supserv.cozmoslabs.com\/fi\/wp-json\/wp\/v2\/media?parent=377551"}],"wp:term":[{"taxonomy":"product_brand","embeddable":true,"href":"https:\/\/tpmadalina42.supserv.cozmoslabs.com\/fi\/wp-json\/wp\/v2\/product_brand?post=377551"},{"taxonomy":"product_cat","embeddable":true,"href":"https:\/\/tpmadalina42.supserv.cozmoslabs.com\/fi\/wp-json\/wp\/v2\/product_cat?post=377551"},{"taxonomy":"product_tag","embeddable":true,"href":"https:\/\/tpmadalina42.supserv.cozmoslabs.com\/fi\/wp-json\/wp\/v2\/product_tag?post=377551"}],"curies":[{"name":"wp","href":"https:\/\/api.w.org\/{rel}","templated":true}]}}