{"id":392819,"date":"2024-12-12T00:14:54","date_gmt":"2024-12-11T23:14:54","guid":{"rendered":"https:\/\/glandine.com\/product\/calvin-klein-jeans-weisser-baumwollpullover\/"},"modified":"2024-12-12T00:14:58","modified_gmt":"2024-12-11T23:14:58","slug":"calvin-klein-jeans-weisser-baumwollpullover","status":"publish","type":"product","link":"https:\/\/tpmadalina42.supserv.cozmoslabs.com\/fi\/tuote-2\/calvin-klein-jeans-weisser-baumwollpullover\/","title":{"rendered":"Calvin Klein Jeans Wei\u00dfer Baumwollpullover"},"content":{"rendered":"<p><br>&#8211; SWEATSHIRT MIT KAPUZE F\u00dcR M\u00c4NNER- <br>KOLLEKTION: HERBST\/WINTER- <br>ZUSAMMENSETZUNG: 100% BAUMWOLLE<\/BR><\/BR><br><br><br><\/BR><\/BR><\/p>","protected":false},"excerpt":{"rendered":"<p>&#8211; SWEATSHIRT MIT KAPUZE F\u00dcR M\u00c4NNER- KOLLEKTION: HERBST\/WINTER- ZUSAMMENSETZUNG: 100% BAUMWOLLE<\/p>","protected":false},"featured_media":392814,"template":"","meta":[],"product_brand":[2769],"product_cat":[1633,1623],"product_tag":[],"class_list":{"0":"post-392819","1":"product","2":"type-product","3":"status-publish","4":"has-post-thumbnail","6":"product_brand-calvin-klein-jeans","7":"product_cat-maenner-kleidung","8":"product_cat-kleidung","10":"first","11":"instock","12":"sale","13":"taxable","14":"shipping-taxable","15":"purchasable","16":"product-type-variable"},"_links":{"self":[{"href":"https:\/\/tpmadalina42.supserv.cozmoslabs.com\/fi\/wp-json\/wp\/v2\/product\/392819","targetHints":{"allow":["GET"]}}],"collection":[{"href":"https:\/\/tpmadalina42.supserv.cozmoslabs.com\/fi\/wp-json\/wp\/v2\/product"}],"about":[{"href":"https:\/\/tpmadalina42.supserv.cozmoslabs.com\/fi\/wp-json\/wp\/v2\/types\/product"}],"wp:featuredmedia":[{"embeddable":true,"href":"https:\/\/tpmadalina42.supserv.cozmoslabs.com\/fi\/wp-json\/wp\/v2\/media\/392814"}],"wp:attachment":[{"href":"https:\/\/tpmadalina42.supserv.cozmoslabs.com\/fi\/wp-json\/wp\/v2\/media?parent=392819"}],"wp:term":[{"taxonomy":"product_brand","embeddable":true,"href":"https:\/\/tpmadalina42.supserv.cozmoslabs.com\/fi\/wp-json\/wp\/v2\/product_brand?post=392819"},{"taxonomy":"product_cat","embeddable":true,"href":"https:\/\/tpmadalina42.supserv.cozmoslabs.com\/fi\/wp-json\/wp\/v2\/product_cat?post=392819"},{"taxonomy":"product_tag","embeddable":true,"href":"https:\/\/tpmadalina42.supserv.cozmoslabs.com\/fi\/wp-json\/wp\/v2\/product_tag?post=392819"}],"curies":[{"name":"wp","href":"https:\/\/api.w.org\/{rel}","templated":true}]}}