{"id":393466,"date":"2024-12-12T00:49:25","date_gmt":"2024-12-11T23:49:25","guid":{"rendered":"https:\/\/glandine.com\/product\/calvin-klein-jeans-blaue-baumwollshorts-2\/"},"modified":"2024-12-12T00:49:31","modified_gmt":"2024-12-11T23:49:31","slug":"calvin-klein-jeans-blaue-baumwollshorts-2","status":"publish","type":"product","link":"https:\/\/tpmadalina42.supserv.cozmoslabs.com\/fi\/tuote-2\/calvin-klein-jeans-blaue-baumwollshorts-2\/","title":{"rendered":"Calvin Klein Jeans Blaue Baumwollshorts"},"content":{"rendered":"<p>\n&#8211; BERMUDASHORTS F\u00dcR M\u00c4NNER<br \/>\n&#8211; KOLLEKTION: FR\u00dcHJAHR\/SOMMER<br \/>\n&#8211; ZUSAMMENSETZUNG: 80% BAUMWOLLE; 20% RECYCELTE BAUMWOLLE<\/p>","protected":false},"excerpt":{"rendered":"<p>&#8211; BERMUDASHORTS F\u00dcR M\u00c4NNER &#8211; KOLLEKTION: FR\u00dcHJAHR\/SOMMER &#8211; ZUSAMMENSETZUNG: 80% BAUMWOLLE; 20% RECYCELTE BAUMWOLLE<\/p>","protected":false},"featured_media":393462,"template":"","meta":[],"product_brand":[2769],"product_cat":[1633,1623,1697],"product_tag":[],"class_list":{"0":"post-393466","1":"product","2":"type-product","3":"status-publish","4":"has-post-thumbnail","6":"product_brand-calvin-klein-jeans","7":"product_cat-maenner-kleidung","8":"product_cat-kleidung","9":"product_cat-kurze-hosen","11":"first","12":"instock","13":"sale","14":"taxable","15":"shipping-taxable","16":"purchasable","17":"product-type-variable"},"_links":{"self":[{"href":"https:\/\/tpmadalina42.supserv.cozmoslabs.com\/fi\/wp-json\/wp\/v2\/product\/393466","targetHints":{"allow":["GET"]}}],"collection":[{"href":"https:\/\/tpmadalina42.supserv.cozmoslabs.com\/fi\/wp-json\/wp\/v2\/product"}],"about":[{"href":"https:\/\/tpmadalina42.supserv.cozmoslabs.com\/fi\/wp-json\/wp\/v2\/types\/product"}],"wp:featuredmedia":[{"embeddable":true,"href":"https:\/\/tpmadalina42.supserv.cozmoslabs.com\/fi\/wp-json\/wp\/v2\/media\/393462"}],"wp:attachment":[{"href":"https:\/\/tpmadalina42.supserv.cozmoslabs.com\/fi\/wp-json\/wp\/v2\/media?parent=393466"}],"wp:term":[{"taxonomy":"product_brand","embeddable":true,"href":"https:\/\/tpmadalina42.supserv.cozmoslabs.com\/fi\/wp-json\/wp\/v2\/product_brand?post=393466"},{"taxonomy":"product_cat","embeddable":true,"href":"https:\/\/tpmadalina42.supserv.cozmoslabs.com\/fi\/wp-json\/wp\/v2\/product_cat?post=393466"},{"taxonomy":"product_tag","embeddable":true,"href":"https:\/\/tpmadalina42.supserv.cozmoslabs.com\/fi\/wp-json\/wp\/v2\/product_tag?post=393466"}],"curies":[{"name":"wp","href":"https:\/\/api.w.org\/{rel}","templated":true}]}}