{"id":393834,"date":"2024-12-12T01:10:26","date_gmt":"2024-12-12T00:10:26","guid":{"rendered":"https:\/\/glandine.com\/product\/calvin-klein-schwarze-nylon-badebekleidung\/"},"modified":"2024-12-12T01:10:30","modified_gmt":"2024-12-12T00:10:30","slug":"calvin-klein-schwarze-nylon-badebekleidung","status":"publish","type":"product","link":"https:\/\/tpmadalina42.supserv.cozmoslabs.com\/fi\/tuote-2\/calvin-klein-schwarze-nylon-badebekleidung\/","title":{"rendered":"Calvin Klein Schwarze Nylon-Badebekleidung"},"content":{"rendered":"<p>\n&#8211; BADEANZUG F\u00dcR M\u00c4NNER<br \/>\n&#8211; KOLLEKTION: FR\u00dcHLING\/SOMMER<br \/>\n&#8211; ZUSAMMENSETZUNG: 83% NYLON; 17% ELASTHAN<\/p>","protected":false},"excerpt":{"rendered":"<p>&#8211; BADEANZUG F\u00dcR M\u00c4NNER &#8211; KOLLEKTION: FR\u00dcHLING\/SOMMER &#8211; ZUSAMMENSETZUNG: 83% NYLON; 17% ELASTHAN<\/p>","protected":false},"featured_media":393830,"template":"","meta":[],"product_brand":[2188],"product_cat":[1709,1633,1623],"product_tag":[],"class_list":{"0":"post-393834","1":"product","2":"type-product","3":"status-publish","4":"has-post-thumbnail","6":"product_brand-calvin-klein","7":"product_cat-bademode-maenner-kleidung","8":"product_cat-maenner-kleidung","9":"product_cat-kleidung","11":"first","12":"instock","13":"sale","14":"taxable","15":"shipping-taxable","16":"purchasable","17":"product-type-variable"},"_links":{"self":[{"href":"https:\/\/tpmadalina42.supserv.cozmoslabs.com\/fi\/wp-json\/wp\/v2\/product\/393834","targetHints":{"allow":["GET"]}}],"collection":[{"href":"https:\/\/tpmadalina42.supserv.cozmoslabs.com\/fi\/wp-json\/wp\/v2\/product"}],"about":[{"href":"https:\/\/tpmadalina42.supserv.cozmoslabs.com\/fi\/wp-json\/wp\/v2\/types\/product"}],"wp:featuredmedia":[{"embeddable":true,"href":"https:\/\/tpmadalina42.supserv.cozmoslabs.com\/fi\/wp-json\/wp\/v2\/media\/393830"}],"wp:attachment":[{"href":"https:\/\/tpmadalina42.supserv.cozmoslabs.com\/fi\/wp-json\/wp\/v2\/media?parent=393834"}],"wp:term":[{"taxonomy":"product_brand","embeddable":true,"href":"https:\/\/tpmadalina42.supserv.cozmoslabs.com\/fi\/wp-json\/wp\/v2\/product_brand?post=393834"},{"taxonomy":"product_cat","embeddable":true,"href":"https:\/\/tpmadalina42.supserv.cozmoslabs.com\/fi\/wp-json\/wp\/v2\/product_cat?post=393834"},{"taxonomy":"product_tag","embeddable":true,"href":"https:\/\/tpmadalina42.supserv.cozmoslabs.com\/fi\/wp-json\/wp\/v2\/product_tag?post=393834"}],"curies":[{"name":"wp","href":"https:\/\/api.w.org\/{rel}","templated":true}]}}