{"id":396679,"date":"2024-12-12T06:12:28","date_gmt":"2024-12-12T05:12:28","guid":{"rendered":"https:\/\/glandine.com\/product\/dolce-gabbana-white-crystals-peep-toe-satin-pumps-shoes-3\/"},"modified":"2024-12-12T06:12:32","modified_gmt":"2024-12-12T05:12:32","slug":"dolce-gabbana-white-crystals-peep-toe-satin-pumps-shoes-3","status":"publish","type":"product","link":"https:\/\/tpmadalina42.supserv.cozmoslabs.com\/fi\/tuote-2\/dolce-gabbana-white-crystals-peep-toe-satin-pumps-shoes-3\/","title":{"rendered":"Dolce &amp; Gabbana White Crystals Peep Toe Satin Pumps Shoes"},"content":{"rendered":"<p>DOLCE &amp; GABBANA<\/p>\n<p>Wundersch\u00f6ne, 100% authentische Dolce &amp; Gabbana versch\u00f6nerte Pumps mit hohem Stiletto-Absatz und Piepens-Zehe.<br \/>\nModell: Heels Pumps<br \/>\nV\u00e4ri: Valkoinen<br \/>\nMaterial: 70% Viskose 30% Seide<br \/>\nPohja: nahkaa<br \/>\nKristalle: Klar<br \/>\nLogon yksityiskohdat<br \/>\nEritt\u00e4in korkea laatu ja mukavuus<br \/>\nValmistettu Italiassa<\/p>\n<p><strong>T\u00e4ss\u00e4 esineess\u00e4 on pieni virhe, molemmissa kengiss\u00e4 on naarmuja (katso tarkemmat tiedot kuvista). <\/strong><\/p>","protected":false},"excerpt":{"rendered":"<p>DOLCE &amp; GABBANA Wundersch\u00f6ne, 100% authentische Dolce &amp; Gabbana versch\u00f6nerte Pumps mit hohem Stiletto-Absatz und Piepens-Zehe. Modell: Heels Pumps Farbe: Wei\u00df Material: 70% Viskose 30% Seide Sohle: Leder Kristalle: Klar Logo-Details Sehr hohe Qualit\u00e4t und Komfort Hergestellt in Italien Dieser Artikel hat einen kleinen Fehler, es gibt Kratzer auf beiden Schuhen (siehe Bilder f\u00fcr Details).<\/p>","protected":false},"featured_media":396671,"template":"","meta":[],"product_brand":[1620],"product_cat":[1635,1688,1624],"product_tag":[],"class_list":{"0":"post-396679","1":"product","2":"type-product","3":"status-publish","4":"has-post-thumbnail","6":"product_brand-dolce-gabbana","7":"product_cat-frauen-schuhe","8":"product_cat-pumpen","9":"product_cat-schuhe","11":"first","12":"instock","13":"sale","14":"taxable","15":"shipping-taxable","16":"purchasable","17":"product-type-variable"},"_links":{"self":[{"href":"https:\/\/tpmadalina42.supserv.cozmoslabs.com\/fi\/wp-json\/wp\/v2\/product\/396679","targetHints":{"allow":["GET"]}}],"collection":[{"href":"https:\/\/tpmadalina42.supserv.cozmoslabs.com\/fi\/wp-json\/wp\/v2\/product"}],"about":[{"href":"https:\/\/tpmadalina42.supserv.cozmoslabs.com\/fi\/wp-json\/wp\/v2\/types\/product"}],"wp:featuredmedia":[{"embeddable":true,"href":"https:\/\/tpmadalina42.supserv.cozmoslabs.com\/fi\/wp-json\/wp\/v2\/media\/396671"}],"wp:attachment":[{"href":"https:\/\/tpmadalina42.supserv.cozmoslabs.com\/fi\/wp-json\/wp\/v2\/media?parent=396679"}],"wp:term":[{"taxonomy":"product_brand","embeddable":true,"href":"https:\/\/tpmadalina42.supserv.cozmoslabs.com\/fi\/wp-json\/wp\/v2\/product_brand?post=396679"},{"taxonomy":"product_cat","embeddable":true,"href":"https:\/\/tpmadalina42.supserv.cozmoslabs.com\/fi\/wp-json\/wp\/v2\/product_cat?post=396679"},{"taxonomy":"product_tag","embeddable":true,"href":"https:\/\/tpmadalina42.supserv.cozmoslabs.com\/fi\/wp-json\/wp\/v2\/product_tag?post=396679"}],"curies":[{"name":"wp","href":"https:\/\/api.w.org\/{rel}","templated":true}]}}