{"id":397700,"date":"2024-12-12T07:22:23","date_gmt":"2024-12-12T06:22:23","guid":{"rendered":"https:\/\/glandine.com\/product\/dolce-gabbana-yellow-crystal-slides-heels-sandals-shoes\/"},"modified":"2024-12-12T07:22:26","modified_gmt":"2024-12-12T06:22:26","slug":"dolce-gabbana-yellow-crystal-slides-heels-sandals-shoes","status":"publish","type":"product","link":"https:\/\/tpmadalina42.supserv.cozmoslabs.com\/fi\/tuote-2\/dolce-gabbana-yellow-crystal-slides-heels-sandals-shoes\/","title":{"rendered":"Dolce &amp; Gabbana Yellow Crystal Slides Heels Sandals Shoes"},"content":{"rendered":"<p>DOLCE &amp; GABBANA<\/p>\n<p>Wundersch\u00f6ne, 100% authentische Dolce &amp; Gabbana Dias Fersen Sandalen mit Versch\u00f6nerungen.<br \/>\nMalli: Heels sandaalit<br \/>\nV\u00e4ri: Keltainen<br \/>\nMateriaali: silkki<br \/>\nPohja: nahkaa<br \/>\nLogon yksityiskohdat<br \/>\nEritt\u00e4in korkea laatu ja mukavuus<br \/>\nValmistettu Italiassa<\/p>\n<p><strong>Dieser Artikel ist ein Musterst\u00fcck, es gibt sehr kleine Flecken, kaum bemerkbar (siehe Bilder f\u00fcr Details). <\/strong><\/p>","protected":false},"excerpt":{"rendered":"<p>DOLCE &amp; GABBANA Wundersch\u00f6ne, 100% authentische Dolce &amp; Gabbana Dias Fersen Sandalen mit Versch\u00f6nerungen. Modell: Heels Sandalen Farbe: Gelb Material: Seide Sohle: Leder Logo-Details Sehr hohe Qualit\u00e4t und Komfort Hergestellt in Italien Dieser Artikel ist ein Musterst\u00fcck, es gibt sehr kleine Flecken, kaum bemerkbar (siehe Bilder f\u00fcr Details).<\/p>","protected":false},"featured_media":397692,"template":"","meta":[],"product_brand":[1620],"product_cat":[1635,1692,1624],"product_tag":[],"class_list":{"0":"post-397700","1":"product","2":"type-product","3":"status-publish","4":"has-post-thumbnail","6":"product_brand-dolce-gabbana","7":"product_cat-frauen-schuhe","8":"product_cat-sandalen-frauen-schuhe","9":"product_cat-schuhe","11":"first","12":"instock","13":"sale","14":"taxable","15":"shipping-taxable","16":"purchasable","17":"product-type-variable"},"_links":{"self":[{"href":"https:\/\/tpmadalina42.supserv.cozmoslabs.com\/fi\/wp-json\/wp\/v2\/product\/397700","targetHints":{"allow":["GET"]}}],"collection":[{"href":"https:\/\/tpmadalina42.supserv.cozmoslabs.com\/fi\/wp-json\/wp\/v2\/product"}],"about":[{"href":"https:\/\/tpmadalina42.supserv.cozmoslabs.com\/fi\/wp-json\/wp\/v2\/types\/product"}],"wp:featuredmedia":[{"embeddable":true,"href":"https:\/\/tpmadalina42.supserv.cozmoslabs.com\/fi\/wp-json\/wp\/v2\/media\/397692"}],"wp:attachment":[{"href":"https:\/\/tpmadalina42.supserv.cozmoslabs.com\/fi\/wp-json\/wp\/v2\/media?parent=397700"}],"wp:term":[{"taxonomy":"product_brand","embeddable":true,"href":"https:\/\/tpmadalina42.supserv.cozmoslabs.com\/fi\/wp-json\/wp\/v2\/product_brand?post=397700"},{"taxonomy":"product_cat","embeddable":true,"href":"https:\/\/tpmadalina42.supserv.cozmoslabs.com\/fi\/wp-json\/wp\/v2\/product_cat?post=397700"},{"taxonomy":"product_tag","embeddable":true,"href":"https:\/\/tpmadalina42.supserv.cozmoslabs.com\/fi\/wp-json\/wp\/v2\/product_tag?post=397700"}],"curies":[{"name":"wp","href":"https:\/\/api.w.org\/{rel}","templated":true}]}}