{"id":398075,"date":"2024-12-12T08:12:07","date_gmt":"2024-12-12T07:12:07","guid":{"rendered":"https:\/\/glandine.com\/product\/dolce-gabbana-black-white-bandana-hooded-sweatshirt-sweater\/"},"modified":"2024-12-12T08:12:11","modified_gmt":"2024-12-12T07:12:11","slug":"dolce-gabbana-black-white-bandana-hooded-sweatshirt-sweater","status":"publish","type":"product","link":"https:\/\/tpmadalina42.supserv.cozmoslabs.com\/fi\/tuote-2\/dolce-gabbana-black-white-bandana-hooded-sweatshirt-sweater\/","title":{"rendered":"Dolce &amp; Gabbana Black White Bandana Hooded Sweatshirt Sweater"},"content":{"rendered":"<p>DOLCE &amp; GABBANA<\/p>\n<p>Absolut atemberaubend, 100% authentisch, Dolce &amp; Gabbana Kapuzenpulli mit Rei\u00dfverschluss und Bandana-Druck.<br \/>\nModell: Kapuzenpulli mit durchgehendem Rei\u00dfverschluss<br \/>\nFarbe: Schwarz, Wei\u00df<br \/>\nMateriaali: 100% puuvilla<br \/>\nInnenfutter: 100% Baumwolle<br \/>\nVetoketjukiinnitys<br \/>\nLogon yksityiskohdat<br \/>\nValmistettu Italiassa<br \/>\nTolle Passform und Komfort<\/p>\n<p><strong>Dieser Artikel hat einen kleinen Fehler, es gibt Verf\u00e4rbungen auf dem ganzen Pullover und ein fehlendes Etikett (siehe Bilder f\u00fcr Details).<\/strong><\/p>","protected":false},"excerpt":{"rendered":"<p>DOLCE &amp; GABBANA Absolut atemberaubend, 100% authentisch, Dolce &amp; Gabbana Kapuzenpulli mit Rei\u00dfverschluss und Bandana-Druck. Modell: Kapuzenpulli mit durchgehendem Rei\u00dfverschluss Farbe: Schwarz, Wei\u00df Material: 100% Baumwolle Innenfutter: 100% Baumwolle Verschluss mit Rei\u00dfverschluss Logo-Details Hergestellt in Italien Tolle Passform und Komfort Dieser Artikel hat einen kleinen Fehler, es gibt Verf\u00e4rbungen auf dem ganzen Pullover und ein [&hellip;]<\/p>","protected":false},"featured_media":398067,"template":"","meta":[],"product_brand":[1620],"product_cat":[1633,1623],"product_tag":[],"class_list":{"0":"post-398075","1":"product","2":"type-product","3":"status-publish","4":"has-post-thumbnail","6":"product_brand-dolce-gabbana","7":"product_cat-maenner-kleidung","8":"product_cat-kleidung","10":"first","11":"instock","12":"sale","13":"taxable","14":"shipping-taxable","15":"purchasable","16":"product-type-variable"},"_links":{"self":[{"href":"https:\/\/tpmadalina42.supserv.cozmoslabs.com\/fi\/wp-json\/wp\/v2\/product\/398075","targetHints":{"allow":["GET"]}}],"collection":[{"href":"https:\/\/tpmadalina42.supserv.cozmoslabs.com\/fi\/wp-json\/wp\/v2\/product"}],"about":[{"href":"https:\/\/tpmadalina42.supserv.cozmoslabs.com\/fi\/wp-json\/wp\/v2\/types\/product"}],"wp:featuredmedia":[{"embeddable":true,"href":"https:\/\/tpmadalina42.supserv.cozmoslabs.com\/fi\/wp-json\/wp\/v2\/media\/398067"}],"wp:attachment":[{"href":"https:\/\/tpmadalina42.supserv.cozmoslabs.com\/fi\/wp-json\/wp\/v2\/media?parent=398075"}],"wp:term":[{"taxonomy":"product_brand","embeddable":true,"href":"https:\/\/tpmadalina42.supserv.cozmoslabs.com\/fi\/wp-json\/wp\/v2\/product_brand?post=398075"},{"taxonomy":"product_cat","embeddable":true,"href":"https:\/\/tpmadalina42.supserv.cozmoslabs.com\/fi\/wp-json\/wp\/v2\/product_cat?post=398075"},{"taxonomy":"product_tag","embeddable":true,"href":"https:\/\/tpmadalina42.supserv.cozmoslabs.com\/fi\/wp-json\/wp\/v2\/product_tag?post=398075"}],"curies":[{"name":"wp","href":"https:\/\/api.w.org\/{rel}","templated":true}]}}