{"id":398423,"date":"2024-12-12T09:10:16","date_gmt":"2024-12-12T08:10:16","guid":{"rendered":"https:\/\/glandine.com\/product\/dolce-gabbana-white-cotton-v-neck-short-sleeves-t-shirt\/"},"modified":"2024-12-12T09:10:20","modified_gmt":"2024-12-12T08:10:20","slug":"dolce-gabbana-white-cotton-v-neck-short-sleeves-t-shirt","status":"publish","type":"product","link":"https:\/\/tpmadalina42.supserv.cozmoslabs.com\/fi\/tuote-2\/dolce-gabbana-white-cotton-v-neck-short-sleeves-t-shirt\/","title":{"rendered":"Dolce &amp; Gabbana White Cotton V-neck Short Sleeves T-shirt"},"content":{"rendered":"<p>DOLCE &amp; GABBANA<\/p>\n<p>Absolut atemberaubend, 100% authentisch, mit Tags Dolce &amp; Gabbana Baumwoll-T-Shirt verf\u00fcgt \u00fcber einen V-Ausschnitt und kurze \u00c4rmel.<br \/>\nModell: V-Ausschnitt-T-Shirt<br \/>\nV\u00e4ri: Valkoinen<br \/>\nMateriaali: 100% puuvilla<br \/>\nLogon yksityiskohdat<br \/>\nValmistettu Italiassa<\/p>\n<p><strong>Dieser Artikel ist aus Vorbesitz, es gibt Flecken auf der Vorder- und R\u00fcckseite (siehe Bilder f\u00fcr Details). <\/strong><\/p>","protected":false},"excerpt":{"rendered":"<p>DOLCE &amp; GABBANA Absolut atemberaubend, 100% authentisch, mit Tags Dolce &amp; Gabbana Baumwoll-T-Shirt verf\u00fcgt \u00fcber einen V-Ausschnitt und kurze \u00c4rmel. Modell: V-Ausschnitt-T-Shirt Farbe: Wei\u00df Material: 100% Baumwolle Logo-Details Hergestellt in Italien Dieser Artikel ist aus Vorbesitz, es gibt Flecken auf der Vorder- und R\u00fcckseite (siehe Bilder f\u00fcr Details).<\/p>","protected":false},"featured_media":398415,"template":"","meta":[],"product_brand":[1620],"product_cat":[1633,1623,1710],"product_tag":[],"class_list":{"0":"post-398423","1":"product","2":"type-product","3":"status-publish","4":"has-post-thumbnail","6":"product_brand-dolce-gabbana","7":"product_cat-maenner-kleidung","8":"product_cat-kleidung","9":"product_cat-t-shirts","11":"first","12":"instock","13":"sale","14":"taxable","15":"shipping-taxable","16":"purchasable","17":"product-type-variable"},"_links":{"self":[{"href":"https:\/\/tpmadalina42.supserv.cozmoslabs.com\/fi\/wp-json\/wp\/v2\/product\/398423","targetHints":{"allow":["GET"]}}],"collection":[{"href":"https:\/\/tpmadalina42.supserv.cozmoslabs.com\/fi\/wp-json\/wp\/v2\/product"}],"about":[{"href":"https:\/\/tpmadalina42.supserv.cozmoslabs.com\/fi\/wp-json\/wp\/v2\/types\/product"}],"wp:featuredmedia":[{"embeddable":true,"href":"https:\/\/tpmadalina42.supserv.cozmoslabs.com\/fi\/wp-json\/wp\/v2\/media\/398415"}],"wp:attachment":[{"href":"https:\/\/tpmadalina42.supserv.cozmoslabs.com\/fi\/wp-json\/wp\/v2\/media?parent=398423"}],"wp:term":[{"taxonomy":"product_brand","embeddable":true,"href":"https:\/\/tpmadalina42.supserv.cozmoslabs.com\/fi\/wp-json\/wp\/v2\/product_brand?post=398423"},{"taxonomy":"product_cat","embeddable":true,"href":"https:\/\/tpmadalina42.supserv.cozmoslabs.com\/fi\/wp-json\/wp\/v2\/product_cat?post=398423"},{"taxonomy":"product_tag","embeddable":true,"href":"https:\/\/tpmadalina42.supserv.cozmoslabs.com\/fi\/wp-json\/wp\/v2\/product_tag?post=398423"}],"curies":[{"name":"wp","href":"https:\/\/api.w.org\/{rel}","templated":true}]}}