{"id":398655,"date":"2024-12-12T09:34:05","date_gmt":"2024-12-12T08:34:05","guid":{"rendered":"https:\/\/glandine.com\/product\/jack-jones-blaue-baumwollshorts-4\/"},"modified":"2024-12-12T09:34:18","modified_gmt":"2024-12-12T08:34:18","slug":"jack-jones-blaue-baumwollshorts-4","status":"publish","type":"product","link":"https:\/\/tpmadalina42.supserv.cozmoslabs.com\/fi\/tuote-2\/jack-jones-blaue-baumwollshorts-4\/","title":{"rendered":"Jack Jones Blaue Baumwollshorts"},"content":{"rendered":"<p>\n&#8211; BERMUDAS UND KURZE HOSEN F\u00dcR M\u00c4NNER<br \/>\n&#8211; KOLLEKTION: FR\u00dcHLING\/SOMMER<br \/>\n&#8211; ZUSAMMENSETZUNG: 62% Baumwolle, 28% Polyester, 5% recycelte Baumwolle, 4% Viskose, 1% Elastan\/Lycra<\/p>","protected":false},"excerpt":{"rendered":"<p>&#8211; BERMUDAS UND KURZE HOSEN F\u00dcR M\u00c4NNER &#8211; KOLLEKTION: FR\u00dcHLING\/SOMMER &#8211; ZUSAMMENSETZUNG: 62% Baumwolle, 28% Polyester, 5% recycelte Baumwolle, 4% Viskose, 1% Elastan\/Lycra<\/p>","protected":false},"featured_media":398650,"template":"","meta":[],"product_brand":[2768],"product_cat":[1633,1623,1697],"product_tag":[],"class_list":{"0":"post-398655","1":"product","2":"type-product","3":"status-publish","4":"has-post-thumbnail","6":"product_brand-jack-jones","7":"product_cat-maenner-kleidung","8":"product_cat-kleidung","9":"product_cat-kurze-hosen","11":"first","12":"instock","13":"sale","14":"taxable","15":"shipping-taxable","16":"purchasable","17":"product-type-variable"},"_links":{"self":[{"href":"https:\/\/tpmadalina42.supserv.cozmoslabs.com\/fi\/wp-json\/wp\/v2\/product\/398655","targetHints":{"allow":["GET"]}}],"collection":[{"href":"https:\/\/tpmadalina42.supserv.cozmoslabs.com\/fi\/wp-json\/wp\/v2\/product"}],"about":[{"href":"https:\/\/tpmadalina42.supserv.cozmoslabs.com\/fi\/wp-json\/wp\/v2\/types\/product"}],"wp:featuredmedia":[{"embeddable":true,"href":"https:\/\/tpmadalina42.supserv.cozmoslabs.com\/fi\/wp-json\/wp\/v2\/media\/398650"}],"wp:attachment":[{"href":"https:\/\/tpmadalina42.supserv.cozmoslabs.com\/fi\/wp-json\/wp\/v2\/media?parent=398655"}],"wp:term":[{"taxonomy":"product_brand","embeddable":true,"href":"https:\/\/tpmadalina42.supserv.cozmoslabs.com\/fi\/wp-json\/wp\/v2\/product_brand?post=398655"},{"taxonomy":"product_cat","embeddable":true,"href":"https:\/\/tpmadalina42.supserv.cozmoslabs.com\/fi\/wp-json\/wp\/v2\/product_cat?post=398655"},{"taxonomy":"product_tag","embeddable":true,"href":"https:\/\/tpmadalina42.supserv.cozmoslabs.com\/fi\/wp-json\/wp\/v2\/product_tag?post=398655"}],"curies":[{"name":"wp","href":"https:\/\/api.w.org\/{rel}","templated":true}]}}