{"id":399135,"date":"2024-12-12T10:27:54","date_gmt":"2024-12-12T09:27:54","guid":{"rendered":"https:\/\/glandine.com\/product\/trussardi-gelbes-leder-portemonnaie-fuer-frauen\/"},"modified":"2024-12-12T10:27:54","modified_gmt":"2024-12-12T09:27:54","slug":"trussardi-gelbes-leder-portemonnaie-fuer-frauen","status":"publish","type":"product","link":"https:\/\/tpmadalina42.supserv.cozmoslabs.com\/fi\/tuote-2\/trussardi-gelbes-leder-portemonnaie-fuer-frauen\/","title":{"rendered":"Trussardi Gelbes Leder Portemonnaie f\u00fcr Frauen"},"content":{"rendered":"<p>Dieses Mini-Portemonnaie von Trussardi, bei dem Funktionalit\u00e4t auf Eleganz trifft, wertet Ihren Alltag auf. Das aus feinstem Leder gefertigte Accessoire verf\u00fcgt \u00fcber eine elegante Frontklappe mit Logopr\u00e4gung, die sich zu einem praktischen Innenraum \u00f6ffnet. In den Kartenf\u00e4chern und dem sicheren Rei\u00dfverschlussfach k\u00f6nnen Sie Ihre Karten und M\u00fcnzen m\u00fchelos organisieren. Mit ihren kompakten Abmessungen passt sie auch in die kleinste Handtasche und ist die perfekte Mischung aus Stil und Nutzen. \ud83c\udf1f<\/p>\n<p>&#8211; Material: 100% Leder<br \/>\n&#8211; Farbe: Gelb<br \/>\n&#8211; Herkunftsland: IT<\/p>","protected":false},"excerpt":{"rendered":"<p>Dieses Mini-Portemonnaie von Trussardi, bei dem Funktionalit\u00e4t auf Eleganz trifft, wertet Ihren Alltag auf. Das aus feinstem Leder gefertigte Accessoire verf\u00fcgt \u00fcber eine elegante Frontklappe mit Logopr\u00e4gung, die sich zu einem praktischen Innenraum \u00f6ffnet. In den Kartenf\u00e4chern und dem sicheren Rei\u00dfverschlussfach k\u00f6nnen Sie Ihre Karten und M\u00fcnzen m\u00fchelos organisieren. Mit ihren kompakten Abmessungen passt sie [&hellip;]<\/p>","protected":false},"featured_media":399132,"template":"","meta":[],"product_brand":[2072],"product_cat":[1630,1722],"product_tag":[],"class_list":{"0":"post-399135","1":"product","2":"type-product","3":"status-publish","4":"has-post-thumbnail","6":"product_brand-trussardi","7":"product_cat-frauen","8":"product_cat-geldboersen-frauen","10":"first","11":"instock","12":"sale","13":"taxable","14":"shipping-taxable","15":"purchasable","16":"product-type-simple"},"_links":{"self":[{"href":"https:\/\/tpmadalina42.supserv.cozmoslabs.com\/fi\/wp-json\/wp\/v2\/product\/399135","targetHints":{"allow":["GET"]}}],"collection":[{"href":"https:\/\/tpmadalina42.supserv.cozmoslabs.com\/fi\/wp-json\/wp\/v2\/product"}],"about":[{"href":"https:\/\/tpmadalina42.supserv.cozmoslabs.com\/fi\/wp-json\/wp\/v2\/types\/product"}],"wp:featuredmedia":[{"embeddable":true,"href":"https:\/\/tpmadalina42.supserv.cozmoslabs.com\/fi\/wp-json\/wp\/v2\/media\/399132"}],"wp:attachment":[{"href":"https:\/\/tpmadalina42.supserv.cozmoslabs.com\/fi\/wp-json\/wp\/v2\/media?parent=399135"}],"wp:term":[{"taxonomy":"product_brand","embeddable":true,"href":"https:\/\/tpmadalina42.supserv.cozmoslabs.com\/fi\/wp-json\/wp\/v2\/product_brand?post=399135"},{"taxonomy":"product_cat","embeddable":true,"href":"https:\/\/tpmadalina42.supserv.cozmoslabs.com\/fi\/wp-json\/wp\/v2\/product_cat?post=399135"},{"taxonomy":"product_tag","embeddable":true,"href":"https:\/\/tpmadalina42.supserv.cozmoslabs.com\/fi\/wp-json\/wp\/v2\/product_tag?post=399135"}],"curies":[{"name":"wp","href":"https:\/\/api.w.org\/{rel}","templated":true}]}}