{"id":404538,"date":"2024-12-12T20:43:55","date_gmt":"2024-12-12T19:43:55","guid":{"rendered":"https:\/\/glandine.com\/product\/goorin-bros-gruene-polyester-huete-muetzen-2\/"},"modified":"2024-12-12T20:44:00","modified_gmt":"2024-12-12T19:44:00","slug":"goorin-bros-gruene-polyester-huete-muetzen-2","status":"publish","type":"product","link":"https:\/\/tpmadalina42.supserv.cozmoslabs.com\/fi\/tuote-2\/goorin-bros-gruene-polyester-huete-muetzen-2\/","title":{"rendered":"Goorin Bros Gr\u00fcne Polyester H\u00fcte &amp; M\u00fctzen"},"content":{"rendered":"<p><br>&#8211; MEN&#8217;S HATS<br>&#8211; KOLLEKTION: FALL\/WINTER<br>&#8211; ZUSAMMENSETZUNG: 57% Polyester, 43% Baumwolle<br><\/p>","protected":false},"excerpt":{"rendered":"<p>&#8211; MEN&#8217;S HATS&#8211; KOLLEKTION: FALL\/WINTER&#8211; ZUSAMMENSETZUNG: 57% Polyester, 43% Baumwolle<\/p>","protected":false},"featured_media":404534,"template":"","meta":[],"product_brand":[2801],"product_cat":[1621,1631,1667],"product_tag":[],"class_list":{"0":"post-404538","1":"product","2":"type-product","3":"status-publish","4":"has-post-thumbnail","6":"product_brand-goorin-bros","7":"product_cat-accessoire","8":"product_cat-maenner-zubehoer","9":"product_cat-huete-muetzen","11":"first","12":"instock","13":"sale","14":"taxable","15":"shipping-taxable","16":"purchasable","17":"product-type-variable"},"_links":{"self":[{"href":"https:\/\/tpmadalina42.supserv.cozmoslabs.com\/fi\/wp-json\/wp\/v2\/product\/404538","targetHints":{"allow":["GET"]}}],"collection":[{"href":"https:\/\/tpmadalina42.supserv.cozmoslabs.com\/fi\/wp-json\/wp\/v2\/product"}],"about":[{"href":"https:\/\/tpmadalina42.supserv.cozmoslabs.com\/fi\/wp-json\/wp\/v2\/types\/product"}],"wp:featuredmedia":[{"embeddable":true,"href":"https:\/\/tpmadalina42.supserv.cozmoslabs.com\/fi\/wp-json\/wp\/v2\/media\/404534"}],"wp:attachment":[{"href":"https:\/\/tpmadalina42.supserv.cozmoslabs.com\/fi\/wp-json\/wp\/v2\/media?parent=404538"}],"wp:term":[{"taxonomy":"product_brand","embeddable":true,"href":"https:\/\/tpmadalina42.supserv.cozmoslabs.com\/fi\/wp-json\/wp\/v2\/product_brand?post=404538"},{"taxonomy":"product_cat","embeddable":true,"href":"https:\/\/tpmadalina42.supserv.cozmoslabs.com\/fi\/wp-json\/wp\/v2\/product_cat?post=404538"},{"taxonomy":"product_tag","embeddable":true,"href":"https:\/\/tpmadalina42.supserv.cozmoslabs.com\/fi\/wp-json\/wp\/v2\/product_tag?post=404538"}],"curies":[{"name":"wp","href":"https:\/\/api.w.org\/{rel}","templated":true}]}}