{"id":405720,"date":"2024-12-12T22:26:25","date_gmt":"2024-12-12T21:26:25","guid":{"rendered":"https:\/\/glandine.com\/product\/alviero-martini-prima-classe-beige-polyethylen-schluesselanhaenger-4\/"},"modified":"2024-12-12T22:26:25","modified_gmt":"2024-12-12T21:26:25","slug":"alviero-martini-prima-classe-beige-polyethylen-schluesselanhaenger-4","status":"publish","type":"product","link":"https:\/\/tpmadalina42.supserv.cozmoslabs.com\/fi\/tuote-2\/alviero-martini-prima-classe-beige-polyethylen-schluesselanhaenger-4\/","title":{"rendered":"Alviero Martini Prima Classe Beige Polyethylen Schl\u00fcsselanh\u00e4nger"},"content":{"rendered":"<p>\n&#8211; SCHL\u00dcSSELANH\u00c4NGER F\u00dcR FRAUEN<br \/>\n\u2013 MALLI: SYKSY\/TALVI<br \/>\n&#8211; ZUSAMMENSETZUNG: 100% POLYURETHAN<\/p>","protected":false},"excerpt":{"rendered":"<p>&#8211; SCHL\u00dcSSELANH\u00c4NGER F\u00dcR FRAUEN &#8211; KOLLEKTION: HERBST\/WINTER &#8211; ZUSAMMENSETZUNG: 100% POLYURETHAN<\/p>","protected":false},"featured_media":405716,"template":"","meta":[],"product_brand":[2782],"product_cat":[1621,1632,1673],"product_tag":[],"class_list":{"0":"post-405720","1":"product","2":"type-product","3":"status-publish","4":"has-post-thumbnail","6":"product_brand-alviero-martini-prima-classe","7":"product_cat-accessoire","8":"product_cat-frauen-zubehoer","9":"product_cat-schluesselanhaenger-frauen-zubehoer","11":"first","12":"instock","13":"sale","14":"taxable","15":"shipping-taxable","16":"purchasable","17":"product-type-simple"},"_links":{"self":[{"href":"https:\/\/tpmadalina42.supserv.cozmoslabs.com\/fi\/wp-json\/wp\/v2\/product\/405720","targetHints":{"allow":["GET"]}}],"collection":[{"href":"https:\/\/tpmadalina42.supserv.cozmoslabs.com\/fi\/wp-json\/wp\/v2\/product"}],"about":[{"href":"https:\/\/tpmadalina42.supserv.cozmoslabs.com\/fi\/wp-json\/wp\/v2\/types\/product"}],"wp:featuredmedia":[{"embeddable":true,"href":"https:\/\/tpmadalina42.supserv.cozmoslabs.com\/fi\/wp-json\/wp\/v2\/media\/405716"}],"wp:attachment":[{"href":"https:\/\/tpmadalina42.supserv.cozmoslabs.com\/fi\/wp-json\/wp\/v2\/media?parent=405720"}],"wp:term":[{"taxonomy":"product_brand","embeddable":true,"href":"https:\/\/tpmadalina42.supserv.cozmoslabs.com\/fi\/wp-json\/wp\/v2\/product_brand?post=405720"},{"taxonomy":"product_cat","embeddable":true,"href":"https:\/\/tpmadalina42.supserv.cozmoslabs.com\/fi\/wp-json\/wp\/v2\/product_cat?post=405720"},{"taxonomy":"product_tag","embeddable":true,"href":"https:\/\/tpmadalina42.supserv.cozmoslabs.com\/fi\/wp-json\/wp\/v2\/product_tag?post=405720"}],"curies":[{"name":"wp","href":"https:\/\/api.w.org\/{rel}","templated":true}]}}