{"id":406997,"date":"2024-12-13T00:20:47","date_gmt":"2024-12-12T23:20:47","guid":{"rendered":"https:\/\/glandine.com\/product\/calvin-klein-underwear-weisse-baumwollunterwaesche-5\/"},"modified":"2024-12-13T00:20:55","modified_gmt":"2024-12-12T23:20:55","slug":"calvin-klein-underwear-weisse-baumwollunterwaesche-5","status":"publish","type":"product","link":"https:\/\/tpmadalina42.supserv.cozmoslabs.com\/fi\/tuote-2\/calvin-klein-underwear-weisse-baumwollunterwaesche-5\/","title":{"rendered":"Calvin Klein Underwear Wei\u00dfe Baumwollunterw\u00e4sche"},"content":{"rendered":"<p><br>&#8211; HERRENSLIPS<br>&#8211; KOLLEKTION: FR\u00dcHJAHR\/SOMMER<br>&#8211; ZUSAMMENSETZUNG: 100% BAUMWOLLE<br><\/p>","protected":false},"excerpt":{"rendered":"<p>&#8211; HERRENSLIPS&#8211; KOLLEKTION: FR\u00dcHJAHR\/SOMMER&#8211; ZUSAMMENSETZUNG: 100% BAUMWOLLE<\/p>","protected":false},"featured_media":406993,"template":"","meta":[],"product_brand":[2799],"product_cat":[1633,1623,1718],"product_tag":[],"class_list":{"0":"post-406997","1":"product","2":"type-product","3":"status-publish","4":"has-post-thumbnail","6":"product_brand-calvin-klein-underwear","7":"product_cat-maenner-kleidung","8":"product_cat-kleidung","9":"product_cat-unterwaesche-maenner-kleidung","11":"first","12":"instock","13":"sale","14":"taxable","15":"shipping-taxable","16":"purchasable","17":"product-type-variable"},"_links":{"self":[{"href":"https:\/\/tpmadalina42.supserv.cozmoslabs.com\/fi\/wp-json\/wp\/v2\/product\/406997","targetHints":{"allow":["GET"]}}],"collection":[{"href":"https:\/\/tpmadalina42.supserv.cozmoslabs.com\/fi\/wp-json\/wp\/v2\/product"}],"about":[{"href":"https:\/\/tpmadalina42.supserv.cozmoslabs.com\/fi\/wp-json\/wp\/v2\/types\/product"}],"wp:featuredmedia":[{"embeddable":true,"href":"https:\/\/tpmadalina42.supserv.cozmoslabs.com\/fi\/wp-json\/wp\/v2\/media\/406993"}],"wp:attachment":[{"href":"https:\/\/tpmadalina42.supserv.cozmoslabs.com\/fi\/wp-json\/wp\/v2\/media?parent=406997"}],"wp:term":[{"taxonomy":"product_brand","embeddable":true,"href":"https:\/\/tpmadalina42.supserv.cozmoslabs.com\/fi\/wp-json\/wp\/v2\/product_brand?post=406997"},{"taxonomy":"product_cat","embeddable":true,"href":"https:\/\/tpmadalina42.supserv.cozmoslabs.com\/fi\/wp-json\/wp\/v2\/product_cat?post=406997"},{"taxonomy":"product_tag","embeddable":true,"href":"https:\/\/tpmadalina42.supserv.cozmoslabs.com\/fi\/wp-json\/wp\/v2\/product_tag?post=406997"}],"curies":[{"name":"wp","href":"https:\/\/api.w.org\/{rel}","templated":true}]}}