{"id":409746,"date":"2024-12-13T04:55:10","date_gmt":"2024-12-13T03:55:10","guid":{"rendered":"https:\/\/glandine.com\/product\/alviero-martini-prima-classe-schluesselanhaenger-aus-schwarzem-leder\/"},"modified":"2024-12-13T04:55:10","modified_gmt":"2024-12-13T03:55:10","slug":"alviero-martini-prima-classe-schluesselanhaenger-aus-schwarzem-leder","status":"publish","type":"product","link":"https:\/\/tpmadalina42.supserv.cozmoslabs.com\/fi\/tuote-2\/alviero-martini-prima-classe-schluesselanhaenger-aus-schwarzem-leder\/","title":{"rendered":"Alviero Martini Prima Classe Schl\u00fcsselanh\u00e4nger aus schwarzem Leder"},"content":{"rendered":"<p><br>&#8211; FRAUEN SCHL\u00dcSSELANH\u00c4NGER<br>&#8211; KOLLEKTION: FR\u00dcHLING\/SOMMER<br>&#8211; ZUSAMMENSETZUNG: 50%RINDLEDER 41%PVC 7%PL 2%CO<br>&#8211; H\u00d6HE (CM.) : 2.<br> &#8211; BREITE (CM.): 9.<br> &#8211; TIEFE (CM.): 1<\/p>","protected":false},"excerpt":{"rendered":"<p>&#8211; FRAUEN SCHL\u00dcSSELANH\u00c4NGER&#8211; KOLLEKTION: FR\u00dcHLING\/SOMMER&#8211; ZUSAMMENSETZUNG: 50%RINDLEDER 41%PVC 7%PL 2%CO&#8211; H\u00d6HE (CM.) : 2. &#8211; BREITE (CM.): 9. &#8211; TIEFE (CM.): 1<\/p>","protected":false},"featured_media":409742,"template":"","meta":[],"product_brand":[2782],"product_cat":[1621,1632,1673],"product_tag":[],"class_list":{"0":"post-409746","1":"product","2":"type-product","3":"status-publish","4":"has-post-thumbnail","6":"product_brand-alviero-martini-prima-classe","7":"product_cat-accessoire","8":"product_cat-frauen-zubehoer","9":"product_cat-schluesselanhaenger-frauen-zubehoer","11":"first","12":"instock","13":"sale","14":"taxable","15":"shipping-taxable","16":"purchasable","17":"product-type-simple"},"_links":{"self":[{"href":"https:\/\/tpmadalina42.supserv.cozmoslabs.com\/fi\/wp-json\/wp\/v2\/product\/409746","targetHints":{"allow":["GET"]}}],"collection":[{"href":"https:\/\/tpmadalina42.supserv.cozmoslabs.com\/fi\/wp-json\/wp\/v2\/product"}],"about":[{"href":"https:\/\/tpmadalina42.supserv.cozmoslabs.com\/fi\/wp-json\/wp\/v2\/types\/product"}],"wp:featuredmedia":[{"embeddable":true,"href":"https:\/\/tpmadalina42.supserv.cozmoslabs.com\/fi\/wp-json\/wp\/v2\/media\/409742"}],"wp:attachment":[{"href":"https:\/\/tpmadalina42.supserv.cozmoslabs.com\/fi\/wp-json\/wp\/v2\/media?parent=409746"}],"wp:term":[{"taxonomy":"product_brand","embeddable":true,"href":"https:\/\/tpmadalina42.supserv.cozmoslabs.com\/fi\/wp-json\/wp\/v2\/product_brand?post=409746"},{"taxonomy":"product_cat","embeddable":true,"href":"https:\/\/tpmadalina42.supserv.cozmoslabs.com\/fi\/wp-json\/wp\/v2\/product_cat?post=409746"},{"taxonomy":"product_tag","embeddable":true,"href":"https:\/\/tpmadalina42.supserv.cozmoslabs.com\/fi\/wp-json\/wp\/v2\/product_tag?post=409746"}],"curies":[{"name":"wp","href":"https:\/\/api.w.org\/{rel}","templated":true}]}}