{"id":410035,"date":"2024-12-13T05:25:33","date_gmt":"2024-12-13T04:25:33","guid":{"rendered":"https:\/\/glandine.com\/product\/rinascimento-schwarze-polyester-oberteile-t-shirt-2\/"},"modified":"2024-12-13T05:25:44","modified_gmt":"2024-12-13T04:25:44","slug":"rinascimento-schwarze-polyester-oberteile-t-shirt-2","status":"publish","type":"product","link":"https:\/\/tpmadalina42.supserv.cozmoslabs.com\/fi\/tuote-2\/rinascimento-schwarze-polyester-oberteile-t-shirt-2\/","title":{"rendered":"Rinascimento Schwarze Polyester-Oberteile &amp; T-Shirt"},"content":{"rendered":"<p><br>&#8211; SHRUG MIT LANGEN \u00c4RMELN F\u00dcR DAMEN<br>&#8211; KOLLEKTION: FR\u00dcHLING\/SOMMER<br>&#8211; ZUSAMMENSETZUNG: 96% POLYESTER; 4% ELASTAN<br><\/p>","protected":false},"excerpt":{"rendered":"<p>&#8211; SHRUG MIT LANGEN \u00c4RMELN F\u00dcR DAMEN&#8211; KOLLEKTION: FR\u00dcHLING\/SOMMER&#8211; ZUSAMMENSETZUNG: 96% POLYESTER; 4% ELASTAN<\/p>","protected":false},"featured_media":410030,"template":"","meta":[],"product_brand":[2793],"product_cat":[1637,1623,1714],"product_tag":[],"class_list":{"0":"post-410035","1":"product","2":"type-product","3":"status-publish","4":"has-post-thumbnail","6":"product_brand-rinascimento","7":"product_cat-frauen-kleidung","8":"product_cat-kleidung","9":"product_cat-oberteile-t-shirts","11":"first","12":"instock","13":"sale","14":"taxable","15":"shipping-taxable","16":"purchasable","17":"product-type-variable"},"_links":{"self":[{"href":"https:\/\/tpmadalina42.supserv.cozmoslabs.com\/fi\/wp-json\/wp\/v2\/product\/410035","targetHints":{"allow":["GET"]}}],"collection":[{"href":"https:\/\/tpmadalina42.supserv.cozmoslabs.com\/fi\/wp-json\/wp\/v2\/product"}],"about":[{"href":"https:\/\/tpmadalina42.supserv.cozmoslabs.com\/fi\/wp-json\/wp\/v2\/types\/product"}],"wp:featuredmedia":[{"embeddable":true,"href":"https:\/\/tpmadalina42.supserv.cozmoslabs.com\/fi\/wp-json\/wp\/v2\/media\/410030"}],"wp:attachment":[{"href":"https:\/\/tpmadalina42.supserv.cozmoslabs.com\/fi\/wp-json\/wp\/v2\/media?parent=410035"}],"wp:term":[{"taxonomy":"product_brand","embeddable":true,"href":"https:\/\/tpmadalina42.supserv.cozmoslabs.com\/fi\/wp-json\/wp\/v2\/product_brand?post=410035"},{"taxonomy":"product_cat","embeddable":true,"href":"https:\/\/tpmadalina42.supserv.cozmoslabs.com\/fi\/wp-json\/wp\/v2\/product_cat?post=410035"},{"taxonomy":"product_tag","embeddable":true,"href":"https:\/\/tpmadalina42.supserv.cozmoslabs.com\/fi\/wp-json\/wp\/v2\/product_tag?post=410035"}],"curies":[{"name":"wp","href":"https:\/\/api.w.org\/{rel}","templated":true}]}}